{"id":70,"date":"2017-06-08T12:27:46","date_gmt":"2017-06-08T12:27:46","guid":{"rendered":"https:\/\/www.cssigniter.com\/preview\/milos\/?page_id=70"},"modified":"2021-03-14T22:31:51","modified_gmt":"2021-03-14T21:31:51","slug":"explore","status":"publish","type":"page","link":"https:\/\/centredesdeserts.com\/index.php\/explore\/","title":{"rendered":"Salles de stages"},"content":{"rendered":"\t\t<div data-elementor-type=\"wp-page\" data-elementor-id=\"70\" class=\"elementor elementor-70\">\n\t\t\t\t\t\t<section class=\"elementor-section elementor-top-section elementor-element elementor-element-64ec5625 elementor-section-boxed elementor-section-height-default elementor-section-height-default\" data-id=\"64ec5625\" data-element_type=\"section\" data-e-type=\"section\">\n\t\t\t\t\t\t<div class=\"elementor-container elementor-column-gap-default\">\n\t\t\t\t\t<div class=\"elementor-column elementor-col-100 elementor-top-column elementor-element elementor-element-7edb0e6a\" data-id=\"7edb0e6a\" data-element_type=\"column\" data-e-type=\"column\">\n\t\t\t<div class=\"elementor-widget-wrap elementor-element-populated\">\n\t\t\t\t\t\t<div class=\"elementor-element elementor-element-3004d05c elementor-widget elementor-widget-text-editor\" data-id=\"3004d05c\" data-element_type=\"widget\" data-e-type=\"widget\" data-widget_type=\"text-editor.default\">\n\t\t\t\t<div class=\"elementor-widget-container\">\n\t\t\t\t\t\t\t\t\t<p class=\"entry-excerpt\">Le Centre des D\u00e9serts met \u00e0 votre disposition 2 salles de stages:<\/p>\n\n<ul>\n \t<li class=\"entry-excerpt\">surfaces de 60 et 70 m2,<\/li>\n \t<li>Paper board, tables et chaise pliantes, hi-fi<\/li>\n \t<li>Matelas, coussins, couvertures, tapis, zafou<\/li>\n<\/ul>\n<h3>Photos de nos salles<\/h3>\n<div class=\"tiled-gallery type-rectangular tiled-gallery-unresized\" data-original-width=\"750\" data-carousel-extra='null' itemscope itemtype=\"http:\/\/schema.org\/ImageGallery\" > <div class=\"gallery-row\" style=\"width: 750px; height: 320px;\" data-original-width=\"750\" data-original-height=\"320\" > <div class=\"gallery-group images-2\" style=\"width: 212px; height: 320px;\" data-original-width=\"212\" data-original-height=\"320\" > <div class=\"tiled-gallery-item tiled-gallery-item-small\" itemprop=\"associatedMedia\" itemscope itemtype=\"http:\/\/schema.org\/ImageObject\"> <a href=\"https:\/\/i0.wp.com\/centredesdeserts.com\/wp-content\/uploads\/2019\/09\/cdd-salle07.jpg?ssl=1\" border=\"0\" itemprop=\"url\"> <meta itemprop=\"width\" content=\"208\"> <meta itemprop=\"height\" content=\"156\"> <img loading=\"lazy\" decoding=\"async\" class=\"\" data-attachment-id=\"515\" data-orig-file=\"https:\/\/centredesdeserts.com\/wp-content\/uploads\/2019\/09\/cdd-salle07.jpg\" data-orig-size=\"1400,1050\" data-comments-opened=\"1\" data-image-meta=\"{&quot;aperture&quot;:&quot;0&quot;,&quot;credit&quot;:&quot;&quot;,&quot;camera&quot;:&quot;&quot;,&quot;caption&quot;:&quot;&quot;,&quot;created_timestamp&quot;:&quot;0&quot;,&quot;copyright&quot;:&quot;&quot;,&quot;focal_length&quot;:&quot;0&quot;,&quot;iso&quot;:&quot;0&quot;,&quot;shutter_speed&quot;:&quot;0&quot;,&quot;title&quot;:&quot;&quot;,&quot;orientation&quot;:&quot;0&quot;}\" data-image-title=\"cdd-salle07\" data-image-description=\"\" data-medium-file=\"https:\/\/i0.wp.com\/centredesdeserts.com\/wp-content\/uploads\/2019\/09\/cdd-salle07.jpg?fit=300%2C225&#038;ssl=1\" data-large-file=\"https:\/\/i0.wp.com\/centredesdeserts.com\/wp-content\/uploads\/2019\/09\/cdd-salle07.jpg?fit=750%2C563&#038;ssl=1\" src=\"https:\/\/i0.wp.com\/centredesdeserts.com\/wp-content\/uploads\/2019\/09\/cdd-salle07.jpg?w=208&#038;h=156&#038;ssl=1\" srcset=\"https:\/\/i0.wp.com\/centredesdeserts.com\/wp-content\/uploads\/2019\/09\/cdd-salle07.jpg?w=1400&amp;ssl=1 1400w, https:\/\/i0.wp.com\/centredesdeserts.com\/wp-content\/uploads\/2019\/09\/cdd-salle07.jpg?resize=300%2C225&amp;ssl=1 300w, https:\/\/i0.wp.com\/centredesdeserts.com\/wp-content\/uploads\/2019\/09\/cdd-salle07.jpg?resize=768%2C576&amp;ssl=1 768w, https:\/\/i0.wp.com\/centredesdeserts.com\/wp-content\/uploads\/2019\/09\/cdd-salle07.jpg?resize=1024%2C768&amp;ssl=1 1024w\" width=\"208\" height=\"156\" loading=\"lazy\" data-original-width=\"208\" data-original-height=\"156\" itemprop=\"http:\/\/schema.org\/image\" title=\"cdd-salle07\" alt=\"cdd-salle07\" style=\"width: 208px; height: 156px;\" \/> <\/a> <\/div> <div class=\"tiled-gallery-item tiled-gallery-item-small\" itemprop=\"associatedMedia\" itemscope itemtype=\"http:\/\/schema.org\/ImageObject\"> <a href=\"https:\/\/i0.wp.com\/centredesdeserts.com\/wp-content\/uploads\/2019\/09\/cdd-salle06.jpg?ssl=1\" border=\"0\" itemprop=\"url\"> <meta itemprop=\"width\" content=\"208\"> <meta itemprop=\"height\" content=\"156\"> <img loading=\"lazy\" decoding=\"async\" class=\"\" data-attachment-id=\"535\" data-orig-file=\"https:\/\/centredesdeserts.com\/wp-content\/uploads\/2019\/09\/cdd-salle06.jpg\" data-orig-size=\"800,600\" data-comments-opened=\"1\" data-image-meta=\"{&quot;aperture&quot;:&quot;0&quot;,&quot;credit&quot;:&quot;&quot;,&quot;camera&quot;:&quot;&quot;,&quot;caption&quot;:&quot;&quot;,&quot;created_timestamp&quot;:&quot;0&quot;,&quot;copyright&quot;:&quot;&quot;,&quot;focal_length&quot;:&quot;0&quot;,&quot;iso&quot;:&quot;0&quot;,&quot;shutter_speed&quot;:&quot;0&quot;,&quot;title&quot;:&quot;&quot;,&quot;orientation&quot;:&quot;0&quot;}\" data-image-title=\"cdd-salle06\" data-image-description=\"\" data-medium-file=\"https:\/\/i0.wp.com\/centredesdeserts.com\/wp-content\/uploads\/2019\/09\/cdd-salle06.jpg?fit=300%2C225&#038;ssl=1\" data-large-file=\"https:\/\/i0.wp.com\/centredesdeserts.com\/wp-content\/uploads\/2019\/09\/cdd-salle06.jpg?fit=750%2C563&#038;ssl=1\" src=\"https:\/\/i0.wp.com\/centredesdeserts.com\/wp-content\/uploads\/2019\/09\/cdd-salle06.jpg?w=208&#038;h=156&#038;ssl=1\" srcset=\"https:\/\/i0.wp.com\/centredesdeserts.com\/wp-content\/uploads\/2019\/09\/cdd-salle06.jpg?w=800&amp;ssl=1 800w, https:\/\/i0.wp.com\/centredesdeserts.com\/wp-content\/uploads\/2019\/09\/cdd-salle06.jpg?resize=300%2C225&amp;ssl=1 300w, https:\/\/i0.wp.com\/centredesdeserts.com\/wp-content\/uploads\/2019\/09\/cdd-salle06.jpg?resize=768%2C576&amp;ssl=1 768w\" width=\"208\" height=\"156\" loading=\"lazy\" data-original-width=\"208\" data-original-height=\"156\" itemprop=\"http:\/\/schema.org\/image\" title=\"cdd-salle06\" alt=\"cdd-salle06\" style=\"width: 208px; height: 156px;\" \/> <\/a> <\/div> <\/div> <!-- close group --> <div class=\"gallery-group images-3\" style=\"width: 113px; height: 320px;\" data-original-width=\"113\" data-original-height=\"320\" > <div class=\"tiled-gallery-item tiled-gallery-item-small\" itemprop=\"associatedMedia\" itemscope itemtype=\"http:\/\/schema.org\/ImageObject\"> <a href=\"https:\/\/i0.wp.com\/centredesdeserts.com\/wp-content\/uploads\/2019\/09\/cdd-salle05.jpg?ssl=1\" border=\"0\" itemprop=\"url\"> <meta itemprop=\"width\" content=\"109\"> <meta itemprop=\"height\" content=\"145\"> <img loading=\"lazy\" decoding=\"async\" class=\"\" data-attachment-id=\"534\" data-orig-file=\"https:\/\/centredesdeserts.com\/wp-content\/uploads\/2019\/09\/cdd-salle05.jpg\" data-orig-size=\"900,1200\" data-comments-opened=\"1\" data-image-meta=\"{&quot;aperture&quot;:&quot;0&quot;,&quot;credit&quot;:&quot;&quot;,&quot;camera&quot;:&quot;&quot;,&quot;caption&quot;:&quot;&quot;,&quot;created_timestamp&quot;:&quot;0&quot;,&quot;copyright&quot;:&quot;&quot;,&quot;focal_length&quot;:&quot;0&quot;,&quot;iso&quot;:&quot;0&quot;,&quot;shutter_speed&quot;:&quot;0&quot;,&quot;title&quot;:&quot;&quot;,&quot;orientation&quot;:&quot;0&quot;}\" data-image-title=\"cdd-salle05\" data-image-description=\"\" data-medium-file=\"https:\/\/i0.wp.com\/centredesdeserts.com\/wp-content\/uploads\/2019\/09\/cdd-salle05.jpg?fit=225%2C300&#038;ssl=1\" data-large-file=\"https:\/\/i0.wp.com\/centredesdeserts.com\/wp-content\/uploads\/2019\/09\/cdd-salle05.jpg?fit=750%2C1000&#038;ssl=1\" src=\"https:\/\/i0.wp.com\/centredesdeserts.com\/wp-content\/uploads\/2019\/09\/cdd-salle05.jpg?w=109&#038;h=145&#038;ssl=1\" srcset=\"https:\/\/i0.wp.com\/centredesdeserts.com\/wp-content\/uploads\/2019\/09\/cdd-salle05.jpg?w=900&amp;ssl=1 900w, https:\/\/i0.wp.com\/centredesdeserts.com\/wp-content\/uploads\/2019\/09\/cdd-salle05.jpg?resize=225%2C300&amp;ssl=1 225w, https:\/\/i0.wp.com\/centredesdeserts.com\/wp-content\/uploads\/2019\/09\/cdd-salle05.jpg?resize=768%2C1024&amp;ssl=1 768w\" width=\"109\" height=\"145\" loading=\"lazy\" data-original-width=\"109\" data-original-height=\"145\" itemprop=\"http:\/\/schema.org\/image\" title=\"cdd-salle05\" alt=\"cdd-salle05\" style=\"width: 109px; height: 145px;\" \/> <\/a> <\/div> <div class=\"tiled-gallery-item tiled-gallery-item-small\" itemprop=\"associatedMedia\" itemscope itemtype=\"http:\/\/schema.org\/ImageObject\"> <a href=\"https:\/\/i0.wp.com\/centredesdeserts.com\/wp-content\/uploads\/2019\/09\/cdd-salle04.jpg?ssl=1\" border=\"0\" itemprop=\"url\"> <meta itemprop=\"width\" content=\"109\"> <meta itemprop=\"height\" content=\"82\"> <img loading=\"lazy\" decoding=\"async\" class=\"\" data-attachment-id=\"533\" data-orig-file=\"https:\/\/centredesdeserts.com\/wp-content\/uploads\/2019\/09\/cdd-salle04.jpg\" data-orig-size=\"1400,1050\" data-comments-opened=\"1\" data-image-meta=\"{&quot;aperture&quot;:&quot;0&quot;,&quot;credit&quot;:&quot;&quot;,&quot;camera&quot;:&quot;&quot;,&quot;caption&quot;:&quot;&quot;,&quot;created_timestamp&quot;:&quot;0&quot;,&quot;copyright&quot;:&quot;&quot;,&quot;focal_length&quot;:&quot;0&quot;,&quot;iso&quot;:&quot;0&quot;,&quot;shutter_speed&quot;:&quot;0&quot;,&quot;title&quot;:&quot;&quot;,&quot;orientation&quot;:&quot;0&quot;}\" data-image-title=\"cdd-salle04\" data-image-description=\"\" data-medium-file=\"https:\/\/i0.wp.com\/centredesdeserts.com\/wp-content\/uploads\/2019\/09\/cdd-salle04.jpg?fit=300%2C225&#038;ssl=1\" data-large-file=\"https:\/\/i0.wp.com\/centredesdeserts.com\/wp-content\/uploads\/2019\/09\/cdd-salle04.jpg?fit=750%2C563&#038;ssl=1\" src=\"https:\/\/i0.wp.com\/centredesdeserts.com\/wp-content\/uploads\/2019\/09\/cdd-salle04.jpg?w=109&#038;h=82&#038;ssl=1\" srcset=\"https:\/\/i0.wp.com\/centredesdeserts.com\/wp-content\/uploads\/2019\/09\/cdd-salle04.jpg?w=1400&amp;ssl=1 1400w, https:\/\/i0.wp.com\/centredesdeserts.com\/wp-content\/uploads\/2019\/09\/cdd-salle04.jpg?resize=300%2C225&amp;ssl=1 300w, https:\/\/i0.wp.com\/centredesdeserts.com\/wp-content\/uploads\/2019\/09\/cdd-salle04.jpg?resize=768%2C576&amp;ssl=1 768w, https:\/\/i0.wp.com\/centredesdeserts.com\/wp-content\/uploads\/2019\/09\/cdd-salle04.jpg?resize=1024%2C768&amp;ssl=1 1024w\" width=\"109\" height=\"82\" loading=\"lazy\" data-original-width=\"109\" data-original-height=\"82\" itemprop=\"http:\/\/schema.org\/image\" title=\"cdd-salle04\" alt=\"cdd-salle04\" style=\"width: 109px; height: 82px;\" \/> <\/a> <\/div> <div class=\"tiled-gallery-item tiled-gallery-item-small\" itemprop=\"associatedMedia\" itemscope itemtype=\"http:\/\/schema.org\/ImageObject\"> <a href=\"https:\/\/i0.wp.com\/centredesdeserts.com\/wp-content\/uploads\/2019\/09\/cdd-salle03.jpg?ssl=1\" border=\"0\" itemprop=\"url\"> <meta itemprop=\"width\" content=\"109\"> <meta itemprop=\"height\" content=\"81\"> <img loading=\"lazy\" decoding=\"async\" class=\"\" data-attachment-id=\"531\" data-orig-file=\"https:\/\/centredesdeserts.com\/wp-content\/uploads\/2019\/09\/cdd-salle03.jpg\" data-orig-size=\"800,600\" data-comments-opened=\"1\" data-image-meta=\"{&quot;aperture&quot;:&quot;0&quot;,&quot;credit&quot;:&quot;&quot;,&quot;camera&quot;:&quot;&quot;,&quot;caption&quot;:&quot;&quot;,&quot;created_timestamp&quot;:&quot;0&quot;,&quot;copyright&quot;:&quot;&quot;,&quot;focal_length&quot;:&quot;0&quot;,&quot;iso&quot;:&quot;0&quot;,&quot;shutter_speed&quot;:&quot;0&quot;,&quot;title&quot;:&quot;&quot;,&quot;orientation&quot;:&quot;0&quot;}\" data-image-title=\"cdd-salle03\" data-image-description=\"\" data-medium-file=\"https:\/\/i0.wp.com\/centredesdeserts.com\/wp-content\/uploads\/2019\/09\/cdd-salle03.jpg?fit=300%2C225&#038;ssl=1\" data-large-file=\"https:\/\/i0.wp.com\/centredesdeserts.com\/wp-content\/uploads\/2019\/09\/cdd-salle03.jpg?fit=750%2C563&#038;ssl=1\" src=\"https:\/\/i0.wp.com\/centredesdeserts.com\/wp-content\/uploads\/2019\/09\/cdd-salle03.jpg?w=109&#038;h=81&#038;ssl=1\" srcset=\"https:\/\/i0.wp.com\/centredesdeserts.com\/wp-content\/uploads\/2019\/09\/cdd-salle03.jpg?w=800&amp;ssl=1 800w, https:\/\/i0.wp.com\/centredesdeserts.com\/wp-content\/uploads\/2019\/09\/cdd-salle03.jpg?resize=300%2C225&amp;ssl=1 300w, https:\/\/i0.wp.com\/centredesdeserts.com\/wp-content\/uploads\/2019\/09\/cdd-salle03.jpg?resize=768%2C576&amp;ssl=1 768w\" width=\"109\" height=\"81\" loading=\"lazy\" data-original-width=\"109\" data-original-height=\"81\" itemprop=\"http:\/\/schema.org\/image\" title=\"cdd-salle03\" alt=\"cdd-salle03\" style=\"width: 109px; height: 81px;\" \/> <\/a> <\/div> <\/div> <!-- close group --> <div class=\"gallery-group images-1\" style=\"width: 425px; height: 320px;\" data-original-width=\"425\" data-original-height=\"320\" > <div class=\"tiled-gallery-item tiled-gallery-item-large\" itemprop=\"associatedMedia\" itemscope itemtype=\"http:\/\/schema.org\/ImageObject\"> <a href=\"https:\/\/i0.wp.com\/centredesdeserts.com\/wp-content\/uploads\/2019\/09\/cdd-salle02.jpg?ssl=1\" border=\"0\" itemprop=\"url\"> <meta itemprop=\"width\" content=\"421\"> <meta itemprop=\"height\" content=\"316\"> <img loading=\"lazy\" decoding=\"async\" class=\"\" data-attachment-id=\"530\" data-orig-file=\"https:\/\/centredesdeserts.com\/wp-content\/uploads\/2019\/09\/cdd-salle02.jpg\" data-orig-size=\"1200,900\" data-comments-opened=\"1\" data-image-meta=\"{&quot;aperture&quot;:&quot;0&quot;,&quot;credit&quot;:&quot;&quot;,&quot;camera&quot;:&quot;&quot;,&quot;caption&quot;:&quot;&quot;,&quot;created_timestamp&quot;:&quot;0&quot;,&quot;copyright&quot;:&quot;&quot;,&quot;focal_length&quot;:&quot;0&quot;,&quot;iso&quot;:&quot;0&quot;,&quot;shutter_speed&quot;:&quot;0&quot;,&quot;title&quot;:&quot;&quot;,&quot;orientation&quot;:&quot;0&quot;}\" data-image-title=\"cdd-salle02\" data-image-description=\"\" data-medium-file=\"https:\/\/i0.wp.com\/centredesdeserts.com\/wp-content\/uploads\/2019\/09\/cdd-salle02.jpg?fit=300%2C225&#038;ssl=1\" data-large-file=\"https:\/\/i0.wp.com\/centredesdeserts.com\/wp-content\/uploads\/2019\/09\/cdd-salle02.jpg?fit=750%2C563&#038;ssl=1\" src=\"https:\/\/i0.wp.com\/centredesdeserts.com\/wp-content\/uploads\/2019\/09\/cdd-salle02.jpg?w=421&#038;h=316&#038;ssl=1\" srcset=\"https:\/\/i0.wp.com\/centredesdeserts.com\/wp-content\/uploads\/2019\/09\/cdd-salle02.jpg?w=1200&amp;ssl=1 1200w, https:\/\/i0.wp.com\/centredesdeserts.com\/wp-content\/uploads\/2019\/09\/cdd-salle02.jpg?resize=300%2C225&amp;ssl=1 300w, https:\/\/i0.wp.com\/centredesdeserts.com\/wp-content\/uploads\/2019\/09\/cdd-salle02.jpg?resize=768%2C576&amp;ssl=1 768w, https:\/\/i0.wp.com\/centredesdeserts.com\/wp-content\/uploads\/2019\/09\/cdd-salle02.jpg?resize=1024%2C768&amp;ssl=1 1024w\" width=\"421\" height=\"316\" loading=\"lazy\" data-original-width=\"421\" data-original-height=\"316\" itemprop=\"http:\/\/schema.org\/image\" title=\"cdd-salle02\" alt=\"cdd-salle02\" style=\"width: 421px; height: 316px;\" \/> <\/a> <\/div> <\/div> <!-- close group --> <\/div> <!-- close row --> <\/div>\n<h3>Nous organisons vos s\u00e9minaires<\/h3>\nSelon votre demande.\n<ul>\n \t<li>Un accueil toute l&rsquo;ann\u00e9e,<\/li>\n \t<li>Une capacit\u00e9 de 30 \u00e0 35 personnes,<\/li>\n \t<li>Dans un lieu \u00e0 votre unique disposition,<\/li>\n \t<li>Avec une \u00e9quipe comp\u00e9tente et discr\u00e8te,<\/li>\n \t<li>Un service personnalis\u00e9,<\/li>\n \t<li>Et une cuisine maison originale et soign\u00e9e.<\/li>\n<\/ul>\n<p style=\"text-align: center;\"><a class=\"btn btn-arrow\" href=\"\/index.php\/contact-2\/\">Contactez-nous<\/a><\/p>\t\t\t\t\t\t\t\t<\/div>\n\t\t\t\t<\/div>\n\t\t\t\t\t<\/div>\n\t\t<\/div>\n\t\t\t\t\t<\/div>\n\t\t<\/section>\n\t\t\t\t<\/div>\n\t\t","protected":false},"excerpt":{"rendered":"<p class=\"section-subtitle\">du Centre des D\u00e9serts<\/p>\n","protected":false},"author":1,"featured_media":529,"parent":0,"menu_order":0,"comment_status":"closed","ping_status":"closed","template":"","meta":{"footnotes":""},"tags":[3,4],"class_list":["post-70","page","type-page","status-publish","has-post-thumbnail","hentry","tag-feature","tag-feature-video"],"jetpack_sharing_enabled":true,"_links":{"self":[{"href":"https:\/\/centredesdeserts.com\/index.php\/wp-json\/wp\/v2\/pages\/70","targetHints":{"allow":["GET"]}}],"collection":[{"href":"https:\/\/centredesdeserts.com\/index.php\/wp-json\/wp\/v2\/pages"}],"about":[{"href":"https:\/\/centredesdeserts.com\/index.php\/wp-json\/wp\/v2\/types\/page"}],"author":[{"embeddable":true,"href":"https:\/\/centredesdeserts.com\/index.php\/wp-json\/wp\/v2\/users\/1"}],"replies":[{"embeddable":true,"href":"https:\/\/centredesdeserts.com\/index.php\/wp-json\/wp\/v2\/comments?post=70"}],"version-history":[{"count":11,"href":"https:\/\/centredesdeserts.com\/index.php\/wp-json\/wp\/v2\/pages\/70\/revisions"}],"predecessor-version":[{"id":1872,"href":"https:\/\/centredesdeserts.com\/index.php\/wp-json\/wp\/v2\/pages\/70\/revisions\/1872"}],"wp:featuredmedia":[{"embeddable":true,"href":"https:\/\/centredesdeserts.com\/index.php\/wp-json\/wp\/v2\/media\/529"}],"wp:attachment":[{"href":"https:\/\/centredesdeserts.com\/index.php\/wp-json\/wp\/v2\/media?parent=70"}],"wp:term":[{"taxonomy":"post_tag","embeddable":true,"href":"https:\/\/centredesdeserts.com\/index.php\/wp-json\/wp\/v2\/tags?post=70"}],"curies":[{"name":"wp","href":"https:\/\/api.w.org\/{rel}","templated":true}]}}