{"id":800,"date":"2019-09-19T23:03:24","date_gmt":"2019-09-19T21:03:24","guid":{"rendered":"http:\/\/centredemi.cluster021.hosting.ovh.net\/?page_id=800"},"modified":"2020-04-18T21:02:56","modified_gmt":"2020-04-18T19:02:56","slug":"traces-jardin","status":"publish","type":"page","link":"https:\/\/centredesdeserts.com\/index.php\/traces-jardin\/","title":{"rendered":"Trac\u00e9s du jardin"},"content":{"rendered":"\t\t<div data-elementor-type=\"wp-page\" data-elementor-id=\"800\" class=\"elementor elementor-800\">\n\t\t\t\t\t\t<section class=\"elementor-section elementor-top-section elementor-element elementor-element-58c7253 elementor-section-boxed elementor-section-height-default elementor-section-height-default\" data-id=\"58c7253\" data-element_type=\"section\" data-e-type=\"section\">\n\t\t\t\t\t\t<div class=\"elementor-container elementor-column-gap-default\">\n\t\t\t\t\t<div class=\"elementor-column elementor-col-100 elementor-top-column elementor-element elementor-element-b3fbd72\" data-id=\"b3fbd72\" data-element_type=\"column\" data-e-type=\"column\">\n\t\t\t<div class=\"elementor-widget-wrap elementor-element-populated\">\n\t\t\t\t\t\t<div class=\"elementor-element elementor-element-b1a514b elementor-widget elementor-widget-video_slider\" data-id=\"b1a514b\" data-element_type=\"widget\" data-e-type=\"widget\" data-widget_type=\"video_slider.default\">\n\t\t\t\t<div class=\"elementor-widget-container\">\n\t\t\t\t\t\t\t\t<div id=\"ep-vs-b1a514b\" class=\"ep-slider-container\" data-position=\"true\" data-slides=\"4\">\n\t\t\t\t<div class=\"ep-slider-item ep-video-slider right\">\n\t\t\t\t\t<div class=\"ep-video-slide\"><iframe title=\"Trac\u00e9 du jardin 2020 au Centre des D\u00e9serts -  Le trac\u00e9 de l&#039;onde de forme des all\u00e9es.\" width=\"750\" height=\"422\" src=\"https:\/\/www.youtube.com\/embed\/yUiEucwk16Y?feature=oembed\" frameborder=\"0\" allow=\"accelerometer; autoplay; clipboard-write; encrypted-media; gyroscope; picture-in-picture; web-share\" referrerpolicy=\"strict-origin-when-cross-origin\" allowfullscreen><\/iframe><\/div><div class=\"ep-video-slide\"><iframe title=\"Trac\u00e9 du jardin 2019 - M\u00e9decine Symbolique\" width=\"750\" height=\"422\" src=\"https:\/\/www.youtube.com\/embed\/Dqmh7NALcCw?list=PLOkbqBZ_XPCcqXdS3E6DDS_ZOfNy5tHmG\" frameborder=\"0\" allow=\"accelerometer; autoplay; clipboard-write; encrypted-media; gyroscope; picture-in-picture; web-share\" referrerpolicy=\"strict-origin-when-cross-origin\" allowfullscreen><\/iframe><\/div><div class=\"ep-video-slide\"><iframe title=\"Trac\u00e9 jardin 2018 - M\u00e9decine Symbolique\" width=\"750\" height=\"422\" src=\"https:\/\/www.youtube.com\/embed\/9se-HWtJZR0?list=PLOkbqBZ_XPCcqXdS3E6DDS_ZOfNy5tHmG\" frameborder=\"0\" allow=\"accelerometer; autoplay; clipboard-write; encrypted-media; gyroscope; picture-in-picture; web-share\" referrerpolicy=\"strict-origin-when-cross-origin\" allowfullscreen><\/iframe><\/div><div class=\"ep-video-slide\"><iframe title=\"Trac\u00e9 du  jardin 2017 - Rose &amp; Gilles Gandy\" width=\"750\" height=\"422\" src=\"https:\/\/www.youtube.com\/embed\/-nvSBvsiC5M?list=PLOkbqBZ_XPCcqXdS3E6DDS_ZOfNy5tHmG\" frameborder=\"0\" allow=\"accelerometer; autoplay; clipboard-write; encrypted-media; gyroscope; picture-in-picture; web-share\" referrerpolicy=\"strict-origin-when-cross-origin\" allowfullscreen><\/iframe><\/div><div class=\"ep-video-slide\"><iframe title=\"Trac\u00e9 du jardin 2016 - Avec les baguettes coud\u00e9es\" width=\"750\" height=\"422\" src=\"https:\/\/www.youtube.com\/embed\/4MDO9i-NbgU?list=PLOkbqBZ_XPCcqXdS3E6DDS_ZOfNy5tHmG\" frameborder=\"0\" allow=\"accelerometer; autoplay; clipboard-write; encrypted-media; gyroscope; picture-in-picture; web-share\" referrerpolicy=\"strict-origin-when-cross-origin\" allowfullscreen><\/iframe><\/div><div class=\"ep-video-slide\"><iframe title=\"Rose et Gilles dessinent leur jardin.\" width=\"750\" height=\"422\" src=\"https:\/\/www.youtube.com\/embed\/rVQ2pwgPtF8?list=PLOkbqBZ_XPCcqXdS3E6DDS_ZOfNy5tHmG\" frameborder=\"0\" allow=\"accelerometer; autoplay; clipboard-write; encrypted-media; gyroscope; picture-in-picture; web-share\" referrerpolicy=\"strict-origin-when-cross-origin\" allowfullscreen><\/iframe><\/div><div class=\"ep-video-slide\"><iframe title=\"Utilisation des baguettes coud\u00e9es pour la plantation du jardin\" width=\"750\" height=\"422\" src=\"https:\/\/www.youtube.com\/embed\/5daRcKUnZzc?list=PLOkbqBZ_XPCcqXdS3E6DDS_ZOfNy5tHmG\" frameborder=\"0\" allow=\"accelerometer; autoplay; clipboard-write; encrypted-media; gyroscope; picture-in-picture; web-share\" referrerpolicy=\"strict-origin-when-cross-origin\" allowfullscreen><\/iframe><\/div><div class=\"ep-video-slide\"><\/div>\t\t\t\t<\/div>\n\t\t\t\t<div class=\"ep-slider-item ep-slider-nav right\">\n\t\t\t\t\t\t\t\t\t\t\t<div>\n\t\t\t\t\t\t\t<div class=\"ep-nav-slide\" style=\"background-image: url('https:\/\/img.youtube.com\/vi\/yUiEucwk16Y\/hqdefault.jpg');\">\n\t\t\t\t\t\t\t\t<h2 class=\"ep-nav-title\">Trac\u00e9 2020<\/h2>\n\t\t\t\t\t\t\t<\/div>\n\t\t\t\t\t\t<\/div>\n\t\t\t\t\t\t\t\t\t\t\t\t<div>\n\t\t\t\t\t\t\t<div class=\"ep-nav-slide\" style=\"background-image: url('https:\/\/img.youtube.com\/vi\/Dqmh7NALcCw\/hqdefault.jpg');\">\n\t\t\t\t\t\t\t\t<h2 class=\"ep-nav-title\">Trac\u00e9 2019<\/h2>\n\t\t\t\t\t\t\t<\/div>\n\t\t\t\t\t\t<\/div>\n\t\t\t\t\t\t\t\t\t\t\t\t<div>\n\t\t\t\t\t\t\t<div class=\"ep-nav-slide\" style=\"background-image: url('https:\/\/img.youtube.com\/vi\/9se-HWtJZR0\/hqdefault.jpg');\">\n\t\t\t\t\t\t\t\t<h2 class=\"ep-nav-title\">Trac\u00e9 2018<\/h2>\n\t\t\t\t\t\t\t<\/div>\n\t\t\t\t\t\t<\/div>\n\t\t\t\t\t\t\t\t\t\t\t\t<div>\n\t\t\t\t\t\t\t<div class=\"ep-nav-slide\" style=\"background-image: url('https:\/\/img.youtube.com\/vi\/-nvSBvsiC5M\/hqdefault.jpg');\">\n\t\t\t\t\t\t\t\t<h2 class=\"ep-nav-title\">Trac\u00e9 2017<\/h2>\n\t\t\t\t\t\t\t<\/div>\n\t\t\t\t\t\t<\/div>\n\t\t\t\t\t\t\t\t\t\t\t\t<div>\n\t\t\t\t\t\t\t<div class=\"ep-nav-slide\" style=\"background-image: url('https:\/\/img.youtube.com\/vi\/4MDO9i-NbgU\/hqdefault.jpg');\">\n\t\t\t\t\t\t\t\t<h2 class=\"ep-nav-title\">Trac\u00e9 2016<\/h2>\n\t\t\t\t\t\t\t<\/div>\n\t\t\t\t\t\t<\/div>\n\t\t\t\t\t\t\t\t\t\t\t\t<div>\n\t\t\t\t\t\t\t<div class=\"ep-nav-slide\" style=\"background-image: url('https:\/\/img.youtube.com\/vi\/rVQ2pwgPtF8\/hqdefault.jpg');\">\n\t\t\t\t\t\t\t\t<h2 class=\"ep-nav-title\">Trac\u00e9 2015<\/h2>\n\t\t\t\t\t\t\t<\/div>\n\t\t\t\t\t\t<\/div>\n\t\t\t\t\t\t\t\t\t\t\t\t<div>\n\t\t\t\t\t\t\t<div class=\"ep-nav-slide\" style=\"background-image: url('https:\/\/img.youtube.com\/vi\/5daRcKUnZzc\/hqdefault.jpg');\">\n\t\t\t\t\t\t\t\t<h2 class=\"ep-nav-title\">Trac\u00e9 2014<\/h2>\n\t\t\t\t\t\t\t<\/div>\n\t\t\t\t\t\t<\/div>\n\t\t\t\t\t\t\t\t\t\t\t\t<div>\n\t\t\t\t\t\t\t<div class=\"ep-nav-slide\" style=\"background-image: url('https:\/\/img.youtube.com\/vi\/\/hqdefault.jpg');\">\n\t\t\t\t\t\t\t\t<h2 class=\"ep-nav-title\"><\/h2>\n\t\t\t\t\t\t\t<\/div>\n\t\t\t\t\t\t<\/div>\n\t\t\t\t\t\t\t\t\t\t<\/div>\n\t\t\t<\/div>\n\t\t\t<script>\n\t\t\t\tjQuery(document).ready(function () {\n\t\t\t\t\tjQuery(document).trigger('elementor\/render\/ep_video_slider', '#ep-vs-b1a514b');\n\t\t\t\t});\n\t\t\t<\/script>\n\t\t\t\t\t\t\t<\/div>\n\t\t\t\t<\/div>\n\t\t\t\t\t<\/div>\n\t\t<\/div>\n\t\t\t\t\t<\/div>\n\t\t<\/section>\n\t\t\t\t<section class=\"elementor-section elementor-top-section elementor-element elementor-element-dadd000 elementor-section-boxed elementor-section-height-default elementor-section-height-default\" data-id=\"dadd000\" data-element_type=\"section\" data-e-type=\"section\">\n\t\t\t\t\t\t<div class=\"elementor-container elementor-column-gap-default\">\n\t\t\t\t\t<div class=\"elementor-column elementor-col-100 elementor-top-column elementor-element elementor-element-92fb376\" data-id=\"92fb376\" data-element_type=\"column\" data-e-type=\"column\">\n\t\t\t<div class=\"elementor-widget-wrap elementor-element-populated\">\n\t\t\t\t\t\t<div class=\"elementor-element elementor-element-1105c4b elementor-invisible elementor-widget elementor-widget-justified-gallery\" data-id=\"1105c4b\" data-element_type=\"widget\" data-e-type=\"widget\" data-settings=\"{&quot;_animation&quot;:&quot;fadeInUp&quot;}\" data-widget_type=\"justified-gallery.default\">\n\t\t\t\t<div class=\"elementor-widget-container\">\n\t\t\t\t\t\t\t\t<div id=\"jg-1105c4b\" class=\"hide-gallery elementor-justified-gallery\" data-row-height=\"120\" data-margins=\"1\" data-last-row=\"nojustify\" data-randomize=\"false\" data-selector=\"a\">\n\t\t\t\t\t\t\t\t\t\n\t\t\t\t\t\t\t\t\t\t\t<a href=\"https:\/\/i0.wp.com\/centredesdeserts.com\/wp-content\/uploads\/2019\/09\/2012.jpg?fit=1400%2C1050&#038;ssl=1\" class=\"elementor-clickable\" data-elementor-open-lightbox=\"default\" data-elementor-lightbox-slideshow=\"1105c4b\">\n\t\t\t\t\t\n\t\t\t\t\t<img decoding=\"async\" src=\"https:\/\/i0.wp.com\/centredesdeserts.com\/wp-content\/uploads\/2019\/09\/2012.jpg?resize=150%2C150&#038;ssl=1\" alt=\"Jardin 2012\">\n\n\t\t\t\t\t\t\t\t\t\t\t<\/a>\n\t\t\t\t\t\t\t\t\t\t\t\t\t\t\n\t\t\t\t\t\t\t\t\t\t\t<a href=\"https:\/\/i0.wp.com\/centredesdeserts.com\/wp-content\/uploads\/2019\/09\/2013.jpg?fit=1400%2C1050&#038;ssl=1\" class=\"elementor-clickable\" data-elementor-open-lightbox=\"default\" data-elementor-lightbox-slideshow=\"1105c4b\">\n\t\t\t\t\t\n\t\t\t\t\t<img decoding=\"async\" src=\"https:\/\/i0.wp.com\/centredesdeserts.com\/wp-content\/uploads\/2019\/09\/2013.jpg?resize=150%2C150&#038;ssl=1\" alt=\"Jardin 2013\">\n\n\t\t\t\t\t\t\t\t\t\t\t<\/a>\n\t\t\t\t\t\t\t\t\t\t\t\t\t\t\n\t\t\t\t\t\t\t\t\t\t\t<a href=\"https:\/\/i0.wp.com\/centredesdeserts.com\/wp-content\/uploads\/2019\/09\/2014.jpg?fit=1400%2C1050&#038;ssl=1\" class=\"elementor-clickable\" data-elementor-open-lightbox=\"default\" data-elementor-lightbox-slideshow=\"1105c4b\">\n\t\t\t\t\t\n\t\t\t\t\t<img decoding=\"async\" src=\"https:\/\/i0.wp.com\/centredesdeserts.com\/wp-content\/uploads\/2019\/09\/2014.jpg?resize=150%2C150&#038;ssl=1\" alt=\"Jardin 2014\">\n\n\t\t\t\t\t\t\t\t\t\t\t<\/a>\n\t\t\t\t\t\t\t\t\t\t\t\t\t\t\n\t\t\t\t\t\t\t\t\t\t\t<a href=\"https:\/\/i0.wp.com\/centredesdeserts.com\/wp-content\/uploads\/2019\/09\/2015.jpg?fit=1400%2C1050&#038;ssl=1\" class=\"elementor-clickable\" data-elementor-open-lightbox=\"default\" data-elementor-lightbox-slideshow=\"1105c4b\">\n\t\t\t\t\t\n\t\t\t\t\t<img decoding=\"async\" src=\"https:\/\/i0.wp.com\/centredesdeserts.com\/wp-content\/uploads\/2019\/09\/2015.jpg?resize=150%2C150&#038;ssl=1\" alt=\"Jardin 2015\">\n\n\t\t\t\t\t\t\t\t\t\t\t<\/a>\n\t\t\t\t\t\t\t\t\t\t\t\t\t\t\n\t\t\t\t\t\t\t\t\t\t\t<a href=\"https:\/\/i0.wp.com\/centredesdeserts.com\/wp-content\/uploads\/2019\/09\/2016.jpg?fit=975%2C1200&#038;ssl=1\" class=\"elementor-clickable\" data-elementor-open-lightbox=\"default\" data-elementor-lightbox-slideshow=\"1105c4b\">\n\t\t\t\t\t\n\t\t\t\t\t<img decoding=\"async\" src=\"https:\/\/i0.wp.com\/centredesdeserts.com\/wp-content\/uploads\/2019\/09\/2016.jpg?resize=150%2C150&#038;ssl=1\" alt=\"Jardin 2016\">\n\n\t\t\t\t\t\t\t\t\t\t\t<\/a>\n\t\t\t\t\t\t\t\t\t\t\t\t\t\t\n\t\t\t\t\t\t\t\t\t\t\t<a href=\"https:\/\/i0.wp.com\/centredesdeserts.com\/wp-content\/uploads\/2019\/09\/2017.jpg?fit=900%2C1200&#038;ssl=1\" class=\"elementor-clickable\" data-elementor-open-lightbox=\"default\" data-elementor-lightbox-slideshow=\"1105c4b\">\n\t\t\t\t\t\n\t\t\t\t\t<img decoding=\"async\" src=\"https:\/\/i0.wp.com\/centredesdeserts.com\/wp-content\/uploads\/2019\/09\/2017.jpg?resize=150%2C150&#038;ssl=1\" alt=\"Jardin 2017\">\n\n\t\t\t\t\t\t\t\t\t\t\t<\/a>\n\t\t\t\t\t\t\t\t\t\t\t\t\t\t\n\t\t\t\t\t\t\t\t\t\t\t<a href=\"https:\/\/i0.wp.com\/centredesdeserts.com\/wp-content\/uploads\/2019\/09\/2018.jpg?fit=980%2C1200&#038;ssl=1\" class=\"elementor-clickable\" data-elementor-open-lightbox=\"default\" data-elementor-lightbox-slideshow=\"1105c4b\">\n\t\t\t\t\t\n\t\t\t\t\t<img decoding=\"async\" src=\"https:\/\/i0.wp.com\/centredesdeserts.com\/wp-content\/uploads\/2019\/09\/2018.jpg?resize=150%2C150&#038;ssl=1\" alt=\"Jardin 2018\">\n\n\t\t\t\t\t\t\t\t\t\t\t<\/a>\n\t\t\t\t\t\t\t\t\t\t\t\t\t\t\n\t\t\t\t\t\t\t\t\t\t\t<a href=\"https:\/\/i0.wp.com\/centredesdeserts.com\/wp-content\/uploads\/2019\/09\/2019-1.jpg?fit=1400%2C788&#038;ssl=1\" class=\"elementor-clickable\" data-elementor-open-lightbox=\"default\" data-elementor-lightbox-slideshow=\"1105c4b\">\n\t\t\t\t\t\n\t\t\t\t\t<img decoding=\"async\" src=\"https:\/\/i0.wp.com\/centredesdeserts.com\/wp-content\/uploads\/2019\/09\/2019-1.jpg?resize=150%2C150&#038;ssl=1\" alt=\"Jardin 2019\">\n\n\t\t\t\t\t\t\t\t\t\t\t<\/a>\n\t\t\t\t\t\t\t\t\t\t\t\t<\/div>\n\t\t\t<script>\n\t\t\t\tjQuery(document).ready(function(){\n\t\t\t\t\tjQuery(document).trigger('elementor\/render\/justified-gallery','#jg-1105c4b');\n\t\t\t\t});\n\t\t\t<\/script>\n\t\t\t\t\t\t\t<\/div>\n\t\t\t\t<\/div>\n\t\t\t\t\t<\/div>\n\t\t<\/div>\n\t\t\t\t\t<\/div>\n\t\t<\/section>\n\t\t\t\t<\/div>\n\t\t","protected":false},"excerpt":{"rendered":"<p>Trac\u00e9 2020 Trac\u00e9 2019 Trac\u00e9 2018 Trac\u00e9 2017 Trac\u00e9 2016 Trac\u00e9 2015 Trac\u00e9 2014<\/p>\n","protected":false},"author":1,"featured_media":753,"parent":0,"menu_order":0,"comment_status":"closed","ping_status":"closed","template":"","meta":{"footnotes":""},"tags":[],"class_list":["post-800","page","type-page","status-publish","has-post-thumbnail","hentry"],"jetpack_sharing_enabled":true,"_links":{"self":[{"href":"https:\/\/centredesdeserts.com\/index.php\/wp-json\/wp\/v2\/pages\/800","targetHints":{"allow":["GET"]}}],"collection":[{"href":"https:\/\/centredesdeserts.com\/index.php\/wp-json\/wp\/v2\/pages"}],"about":[{"href":"https:\/\/centredesdeserts.com\/index.php\/wp-json\/wp\/v2\/types\/page"}],"author":[{"embeddable":true,"href":"https:\/\/centredesdeserts.com\/index.php\/wp-json\/wp\/v2\/users\/1"}],"replies":[{"embeddable":true,"href":"https:\/\/centredesdeserts.com\/index.php\/wp-json\/wp\/v2\/comments?post=800"}],"version-history":[{"count":6,"href":"https:\/\/centredesdeserts.com\/index.php\/wp-json\/wp\/v2\/pages\/800\/revisions"}],"predecessor-version":[{"id":1353,"href":"https:\/\/centredesdeserts.com\/index.php\/wp-json\/wp\/v2\/pages\/800\/revisions\/1353"}],"wp:featuredmedia":[{"embeddable":true,"href":"https:\/\/centredesdeserts.com\/index.php\/wp-json\/wp\/v2\/media\/753"}],"wp:attachment":[{"href":"https:\/\/centredesdeserts.com\/index.php\/wp-json\/wp\/v2\/media?parent=800"}],"wp:term":[{"taxonomy":"post_tag","embeddable":true,"href":"https:\/\/centredesdeserts.com\/index.php\/wp-json\/wp\/v2\/tags?post=800"}],"curies":[{"name":"wp","href":"https:\/\/api.w.org\/{rel}","templated":true}]}}